{"id":555,"date":"2017-06-09T19:32:44","date_gmt":"2017-06-09T17:32:44","guid":{"rendered":"http:\/\/ruegen.aldebaran.uberspace.de\/wordpress\/?page_id=555"},"modified":"2026-03-14T12:59:30","modified_gmt":"2026-03-14T11:59:30","slug":"speisekarte","status":"publish","type":"page","link":"https:\/\/fischkutter-luett-matten.de\/index.php\/fisch-bier\/speisekarte\/","title":{"rendered":"Spezialit\u00e4ten des Kutters"},"content":{"rendered":"<h5>Pfefferhering<\/h5>\n<p>Zwei Pfefferheringe dazu Apfelremoulade auf frischem K\u00fcrbiskernbrot.<\/p>\n<h5>Lachspuffer<\/h5>\n<p>Kaltger\u00e4ucherter Lachs auf Kartoffelr\u00f6sti mit Quark und Honig-Senf-Sauce.<\/p>\n<h5>&#8222;L\u00fctt Matten&#8220; Teller<\/h5>\n<p>Drei verschiedene Sorten Heringsfilet mit hausgemachtem Kartoffelsalat.<\/p>\n<h5><\/h5>\n","protected":false},"excerpt":{"rendered":"<p>Pfefferhering Zwei Pfefferheringe dazu Apfelremoulade auf frischem K\u00fcrbiskernbrot. Lachspuffer Kaltger\u00e4ucherter Lachs auf Kartoffelr\u00f6sti mit Quark und Honig-Senf-Sauce. &#8222;L\u00fctt Matten&#8220; Teller Drei verschiedene Sorten Heringsfilet mit hausgemachtem Kartoffelsalat.<\/p>\n","protected":false},"author":1,"featured_media":0,"parent":552,"menu_order":0,"comment_status":"closed","ping_status":"closed","template":"","meta":[],"yoast_head":"<!-- This site is optimized with the Yoast SEO plugin v15.3 - https:\/\/yoast.com\/wordpress\/plugins\/seo\/ -->\n<title>Spezialit\u00e4ten des Kutters - Fischkutter &quot;L\u00fctt Matten&quot;<\/title>\n<meta name=\"robots\" content=\"index, follow, max-snippet:-1, max-image-preview:large, max-video-preview:-1\" \/>\n<link rel=\"canonical\" href=\"https:\/\/fischkutter-luett-matten.de\/index.php\/fisch-bier\/speisekarte\/\" \/>\n<meta property=\"og:locale\" content=\"de_DE\" \/>\n<meta property=\"og:type\" content=\"article\" \/>\n<meta property=\"og:title\" content=\"Spezialit\u00e4ten des Kutters - Fischkutter &quot;L\u00fctt Matten&quot;\" \/>\n<meta property=\"og:description\" content=\"Pfefferhering Zwei Pfefferheringe dazu Apfelremoulade auf frischem K\u00fcrbiskernbrot. Lachspuffer Kaltger\u00e4ucherter Lachs auf Kartoffelr\u00f6sti mit Quark und Honig-Senf-Sauce. &#8222;L\u00fctt Matten&#8220; Teller Drei verschiedene Sorten Heringsfilet mit hausgemachtem Kartoffelsalat.\" \/>\n<meta property=\"og:url\" content=\"https:\/\/fischkutter-luett-matten.de\/index.php\/fisch-bier\/speisekarte\/\" \/>\n<meta property=\"og:site_name\" content=\"Fischkutter &quot;L\u00fctt Matten&quot;\" \/>\n<meta property=\"article:modified_time\" content=\"2026-03-14T11:59:30+00:00\" \/>\n<meta name=\"twitter:card\" content=\"summary\" \/>\n<meta name=\"twitter:label1\" content=\"Verfasst von\">\n\t<meta name=\"twitter:data1\" content=\"RuegenHochzeit\">\n\t<meta name=\"twitter:label2\" content=\"Gesch\u00e4tzte Lesezeit\">\n\t<meta name=\"twitter:data2\" content=\"0\u00a0Minuten\">\n<script type=\"application\/ld+json\" class=\"yoast-schema-graph\">{\"@context\":\"https:\/\/schema.org\",\"@graph\":[{\"@type\":\"WebSite\",\"@id\":\"https:\/\/fischkutter-luett-matten.de\/#website\",\"url\":\"https:\/\/fischkutter-luett-matten.de\/\",\"name\":\"Fischkutter &quot;L\\u00fctt Matten&quot;\",\"description\":\"Der Fischimbiss mit maritimen Flair\",\"potentialAction\":[{\"@type\":\"SearchAction\",\"target\":\"https:\/\/fischkutter-luett-matten.de\/?s={search_term_string}\",\"query-input\":\"required name=search_term_string\"}],\"inLanguage\":\"de\"},{\"@type\":\"WebPage\",\"@id\":\"https:\/\/fischkutter-luett-matten.de\/index.php\/fisch-bier\/speisekarte\/#webpage\",\"url\":\"https:\/\/fischkutter-luett-matten.de\/index.php\/fisch-bier\/speisekarte\/\",\"name\":\"Spezialit\\u00e4ten des Kutters - Fischkutter &quot;L\\u00fctt Matten&quot;\",\"isPartOf\":{\"@id\":\"https:\/\/fischkutter-luett-matten.de\/#website\"},\"datePublished\":\"2017-06-09T17:32:44+00:00\",\"dateModified\":\"2026-03-14T11:59:30+00:00\",\"inLanguage\":\"de\",\"potentialAction\":[{\"@type\":\"ReadAction\",\"target\":[\"https:\/\/fischkutter-luett-matten.de\/index.php\/fisch-bier\/speisekarte\/\"]}]}]}<\/script>\n<!-- \/ Yoast SEO plugin. -->","_links":{"self":[{"href":"https:\/\/fischkutter-luett-matten.de\/index.php\/wp-json\/wp\/v2\/pages\/555"}],"collection":[{"href":"https:\/\/fischkutter-luett-matten.de\/index.php\/wp-json\/wp\/v2\/pages"}],"about":[{"href":"https:\/\/fischkutter-luett-matten.de\/index.php\/wp-json\/wp\/v2\/types\/page"}],"author":[{"embeddable":true,"href":"https:\/\/fischkutter-luett-matten.de\/index.php\/wp-json\/wp\/v2\/users\/1"}],"replies":[{"embeddable":true,"href":"https:\/\/fischkutter-luett-matten.de\/index.php\/wp-json\/wp\/v2\/comments?post=555"}],"version-history":[{"count":11,"href":"https:\/\/fischkutter-luett-matten.de\/index.php\/wp-json\/wp\/v2\/pages\/555\/revisions"}],"predecessor-version":[{"id":1221,"href":"https:\/\/fischkutter-luett-matten.de\/index.php\/wp-json\/wp\/v2\/pages\/555\/revisions\/1221"}],"up":[{"embeddable":true,"href":"https:\/\/fischkutter-luett-matten.de\/index.php\/wp-json\/wp\/v2\/pages\/552"}],"wp:attachment":[{"href":"https:\/\/fischkutter-luett-matten.de\/index.php\/wp-json\/wp\/v2\/media?parent=555"}],"curies":[{"name":"wp","href":"https:\/\/api.w.org\/{rel}","templated":true}]}}