{"id":560,"date":"2017-06-09T19:40:45","date_gmt":"2017-06-09T17:40:45","guid":{"rendered":"http:\/\/ruegen.aldebaran.uberspace.de\/wordpress\/?page_id=560"},"modified":"2026-03-14T10:37:29","modified_gmt":"2026-03-14T09:37:29","slug":"feinste-fischspezialitaeten","status":"publish","type":"page","link":"https:\/\/fischkutter-luett-matten.de\/index.php\/fisch-bier\/feinste-fischspezialitaeten\/","title":{"rendered":"Leckere Fischgerichte"},"content":{"rendered":"<p>F\u00fcr hungrige G\u00e4ste bieten wir vom leckeren Fischbr\u00f6tchen bis zum Matjes-Teller ein umfangreiches Angebot an leckeren, regionalen Speisen. Eine gro\u00dfe Portion Backfisch mit hausgemachter Remoulade geh\u00f6rt genauso zur regionalen Esskultur wie die k\u00f6stlichen Pommes f\u00fcr gro\u00dfe und kleine Strandr\u00e4uber.<\/p>\n<p><a href=\"http:\/\/fischkutter-luett-matten.de\/index.php\/speisekarte\/\">Mehr erfahren<\/a><\/p>\n","protected":false},"excerpt":{"rendered":"<p>F\u00fcr hungrige G\u00e4ste bieten wir vom leckeren Fischbr\u00f6tchen bis zum Matjes-Teller ein umfangreiches Angebot an leckeren, regionalen Speisen. Eine gro\u00dfe Portion Backfisch mit hausgemachter Remoulade geh\u00f6rt genauso zur regionalen Esskultur wie die k\u00f6stlichen Pommes f\u00fcr gro\u00dfe und kleine Strandr\u00e4uber. Mehr erfahren<\/p>\n","protected":false},"author":1,"featured_media":663,"parent":552,"menu_order":0,"comment_status":"closed","ping_status":"closed","template":"","meta":[],"yoast_head":"<!-- This site is optimized with the Yoast SEO plugin v15.3 - https:\/\/yoast.com\/wordpress\/plugins\/seo\/ -->\n<title>Leckere Fischgerichte - Fischkutter &quot;L\u00fctt Matten&quot;<\/title>\n<meta name=\"robots\" content=\"index, follow, max-snippet:-1, max-image-preview:large, max-video-preview:-1\" \/>\n<link rel=\"canonical\" href=\"https:\/\/fischkutter-luett-matten.de\/index.php\/fisch-bier\/feinste-fischspezialitaeten\/\" \/>\n<meta property=\"og:locale\" content=\"de_DE\" \/>\n<meta property=\"og:type\" content=\"article\" \/>\n<meta property=\"og:title\" content=\"Leckere Fischgerichte - Fischkutter &quot;L\u00fctt Matten&quot;\" \/>\n<meta property=\"og:description\" content=\"F\u00fcr hungrige G\u00e4ste bieten wir vom leckeren Fischbr\u00f6tchen bis zum Matjes-Teller ein umfangreiches Angebot an leckeren, regionalen Speisen. Eine gro\u00dfe Portion Backfisch mit hausgemachter Remoulade geh\u00f6rt genauso zur regionalen Esskultur wie die k\u00f6stlichen Pommes f\u00fcr gro\u00dfe und kleine Strandr\u00e4uber. Mehr erfahren\" \/>\n<meta property=\"og:url\" content=\"https:\/\/fischkutter-luett-matten.de\/index.php\/fisch-bier\/feinste-fischspezialitaeten\/\" \/>\n<meta property=\"og:site_name\" content=\"Fischkutter &quot;L\u00fctt Matten&quot;\" \/>\n<meta property=\"article:modified_time\" content=\"2026-03-14T09:37:29+00:00\" \/>\n<meta property=\"og:image\" content=\"https:\/\/fischkutter-luett-matten.de\/wp-content\/uploads\/2017\/06\/Fischgerichte-3.jpg\" \/>\n\t<meta property=\"og:image:width\" content=\"2000\" \/>\n\t<meta property=\"og:image:height\" content=\"1330\" \/>\n<meta name=\"twitter:card\" content=\"summary\" \/>\n<meta name=\"twitter:label1\" content=\"Verfasst von\">\n\t<meta name=\"twitter:data1\" content=\"RuegenHochzeit\">\n\t<meta name=\"twitter:label2\" content=\"Gesch\u00e4tzte Lesezeit\">\n\t<meta name=\"twitter:data2\" content=\"0\u00a0Minuten\">\n<script type=\"application\/ld+json\" class=\"yoast-schema-graph\">{\"@context\":\"https:\/\/schema.org\",\"@graph\":[{\"@type\":\"WebSite\",\"@id\":\"https:\/\/fischkutter-luett-matten.de\/#website\",\"url\":\"https:\/\/fischkutter-luett-matten.de\/\",\"name\":\"Fischkutter &quot;L\\u00fctt Matten&quot;\",\"description\":\"Der Fischimbiss mit maritimen Flair\",\"potentialAction\":[{\"@type\":\"SearchAction\",\"target\":\"https:\/\/fischkutter-luett-matten.de\/?s={search_term_string}\",\"query-input\":\"required name=search_term_string\"}],\"inLanguage\":\"de\"},{\"@type\":\"ImageObject\",\"@id\":\"https:\/\/fischkutter-luett-matten.de\/index.php\/fisch-bier\/feinste-fischspezialitaeten\/#primaryimage\",\"inLanguage\":\"de\",\"url\":\"https:\/\/fischkutter-luett-matten.de\/wp-content\/uploads\/2017\/06\/Fischgerichte-3.jpg\",\"width\":2000,\"height\":1330},{\"@type\":\"WebPage\",\"@id\":\"https:\/\/fischkutter-luett-matten.de\/index.php\/fisch-bier\/feinste-fischspezialitaeten\/#webpage\",\"url\":\"https:\/\/fischkutter-luett-matten.de\/index.php\/fisch-bier\/feinste-fischspezialitaeten\/\",\"name\":\"Leckere Fischgerichte - Fischkutter &quot;L\\u00fctt Matten&quot;\",\"isPartOf\":{\"@id\":\"https:\/\/fischkutter-luett-matten.de\/#website\"},\"primaryImageOfPage\":{\"@id\":\"https:\/\/fischkutter-luett-matten.de\/index.php\/fisch-bier\/feinste-fischspezialitaeten\/#primaryimage\"},\"datePublished\":\"2017-06-09T17:40:45+00:00\",\"dateModified\":\"2026-03-14T09:37:29+00:00\",\"inLanguage\":\"de\",\"potentialAction\":[{\"@type\":\"ReadAction\",\"target\":[\"https:\/\/fischkutter-luett-matten.de\/index.php\/fisch-bier\/feinste-fischspezialitaeten\/\"]}]}]}<\/script>\n<!-- \/ Yoast SEO plugin. -->","_links":{"self":[{"href":"https:\/\/fischkutter-luett-matten.de\/index.php\/wp-json\/wp\/v2\/pages\/560"}],"collection":[{"href":"https:\/\/fischkutter-luett-matten.de\/index.php\/wp-json\/wp\/v2\/pages"}],"about":[{"href":"https:\/\/fischkutter-luett-matten.de\/index.php\/wp-json\/wp\/v2\/types\/page"}],"author":[{"embeddable":true,"href":"https:\/\/fischkutter-luett-matten.de\/index.php\/wp-json\/wp\/v2\/users\/1"}],"replies":[{"embeddable":true,"href":"https:\/\/fischkutter-luett-matten.de\/index.php\/wp-json\/wp\/v2\/comments?post=560"}],"version-history":[{"count":11,"href":"https:\/\/fischkutter-luett-matten.de\/index.php\/wp-json\/wp\/v2\/pages\/560\/revisions"}],"predecessor-version":[{"id":1110,"href":"https:\/\/fischkutter-luett-matten.de\/index.php\/wp-json\/wp\/v2\/pages\/560\/revisions\/1110"}],"up":[{"embeddable":true,"href":"https:\/\/fischkutter-luett-matten.de\/index.php\/wp-json\/wp\/v2\/pages\/552"}],"wp:featuredmedia":[{"embeddable":true,"href":"https:\/\/fischkutter-luett-matten.de\/index.php\/wp-json\/wp\/v2\/media\/663"}],"wp:attachment":[{"href":"https:\/\/fischkutter-luett-matten.de\/index.php\/wp-json\/wp\/v2\/media?parent=560"}],"curies":[{"name":"wp","href":"https:\/\/api.w.org\/{rel}","templated":true}]}}