{"id":598,"date":"2017-06-11T11:41:34","date_gmt":"2017-06-11T09:41:34","guid":{"rendered":"http:\/\/ruegen.aldebaran.uberspace.de\/wordpress\/?page_id=598"},"modified":"2017-08-08T19:49:55","modified_gmt":"2017-08-08T17:49:55","slug":"speisekarte","status":"publish","type":"page","link":"https:\/\/fischkutter-luett-matten.de\/index.php\/speisekarte\/","title":{"rendered":"Speisekarte"},"content":{"rendered":"<p>\n<div class=\"erm_menu erm_menu-id-708\"\n     id=\"erm_menu-id-708\"\n>\n    \t<h1 class=\"erm_title\">Spezialit\u00e4ten des Kutters<\/h1>\n\t<div class=\"erm_desc\"><\/div>\n\t\n<div class=\"erm_menu_content\">\n\n    \n<div class=\"erm_product with_image\">\n\n    <a class=\"image-popup\" style=\"width: 140px;\" target=\"_blank\" href=\"https:\/\/fischkutter-luett-matten.de\/wp-content\/uploads\/2017\/08\/Luett-Matten-Teller-4-zu3.jpg\" data-caption=\"\" data-desc=\"\">\n                <img class=\"erm_product_image\" alt=\"\" src=\"https:\/\/fischkutter-luett-matten.de\/wp-content\/uploads\/2017\/08\/Luett-Matten-Teller-4-zu3-300x225.jpg\">\n              <\/a>\n    <div class=\"erm_title_price_desc\">\n\n        <div class=\"erm_title_price\">\n            <h3 class=\"erm_product_title\">L\u00fctt Matten Teller<\/h3>\n            <div class=\"erm_product_price\">\n\t\t\t<div class=\"erm_product_list_prices\">\n\t\t\t\t\t\t\t<div class=\"erm_product_list_price\">\n\t\t\t\t\t<span class=\"price_name\">von<\/span>\n\t\t\t\t\t<span class=\"price_price\">11,50\u20ac<\/span>\n\t\t\t\t<\/div>\n\t\t\t\t\t\t\t<div class=\"erm_product_list_price\">\n\t\t\t\t\t<span class=\"price_name\">bis<\/span>\n\t\t\t\t\t<span class=\"price_price\">14,50\u20ac<\/span>\n\t\t\t\t<\/div>\n\t\t\t\t\t<\/div>\n\t\t\n<\/div>\n        <\/div>\n\n        <div class=\"erm_product_desc\">\n    <p>Dreierlei s&uuml;&szlig;-sauer eingelegte Heringsfilet, dazu hausgemachte Apfelremoulade und Beilage nach Wahl &#8211; K&uuml;rbiskernbrot, Kartoffelsalat, Ofenkartoffeln mit Quark, Kartoffelr&ouml;sti mit Quark<\/p>\n<\/div>\n\n    <\/div>\n\n<\/div>\n\n\n\n<div class=\"erm_product with_image\">\n\n    <a class=\"image-popup\" style=\"width: 140px;\" target=\"_blank\" href=\"https:\/\/fischkutter-luett-matten.de\/wp-content\/uploads\/2017\/08\/Matjes-Teller-4-zu3.jpg\" data-caption=\"\" data-desc=\"\">\n                <img class=\"erm_product_image\" alt=\"\" src=\"https:\/\/fischkutter-luett-matten.de\/wp-content\/uploads\/2017\/08\/Matjes-Teller-4-zu3-300x225.jpg\">\n              <\/a>\n    <div class=\"erm_title_price_desc\">\n\n        <div class=\"erm_title_price\">\n            <h3 class=\"erm_product_title\">Matjes Teller<\/h3>\n            <div class=\"erm_product_price\">\n\t\t\t<div class=\"erm_product_list_prices\">\n\t\t\t\t\t\t\t<div class=\"erm_product_list_price\">\n\t\t\t\t\t<span class=\"price_name\">von<\/span>\n\t\t\t\t\t<span class=\"price_price\">11,50\u20ac<\/span>\n\t\t\t\t<\/div>\n\t\t\t\t\t\t\t<div class=\"erm_product_list_price\">\n\t\t\t\t\t<span class=\"price_name\">bis<\/span>\n\t\t\t\t\t<span class=\"price_price\">14,50\u20ac<\/span>\n\t\t\t\t<\/div>\n\t\t\t\t\t<\/div>\n\t\t\n<\/div>\n        <\/div>\n\n        <div class=\"erm_product_desc\">\n    <p>Matjesfilets in drei verschiedenen Geschmacksrichtungen dazu frische hausgemachte Apfelremoulade und Beilage nach Wahl &#8211; K&uuml;rbiskernbrot, Kartoffelsalat, Ofenkartoffeln mit Quark, Kartoffelr&ouml;sti mit Quark<\/p>\n<\/div>\n\n    <\/div>\n\n<\/div>\n\n\n\n<div class=\"erm_product with_image\">\n\n    <a class=\"image-popup\" style=\"width: 140px;\" target=\"_blank\" href=\"https:\/\/fischkutter-luett-matten.de\/wp-content\/uploads\/2017\/08\/Pfefferhering-4-zu3.jpg\" data-caption=\"\" data-desc=\"\">\n                <img class=\"erm_product_image\" alt=\"\" src=\"https:\/\/fischkutter-luett-matten.de\/wp-content\/uploads\/2017\/08\/Pfefferhering-4-zu3-300x225.jpg\">\n              <\/a>\n    <div class=\"erm_title_price_desc\">\n\n        <div class=\"erm_title_price\">\n            <h3 class=\"erm_product_title\">Pfefferhering auf K\u00fcrbiskernbrot<\/h3>\n            <div class=\"erm_product_price\">\n\t\t\t<div class=\"erm_product_list_prices\">\n\t\t\t\t\t\t\t<div class=\"erm_product_list_price\">\n\t\t\t\t\t<span class=\"price_name\"><\/span>\n\t\t\t\t\t<span class=\"price_price\">8,50\u20ac<\/span>\n\t\t\t\t<\/div>\n\t\t\t\t\t<\/div>\n\t\t\n<\/div>\n        <\/div>\n\n        <div class=\"erm_product_desc\">\n    <p>edler Pfefferhering auf frischem K&uuml;rbiskernbrot von der B&auml;ckerei Ehrke, dazu Kr&auml;uterquark, Salat, Zwiebeln und Apfelscheibe<\/p>\n<\/div>\n\n    <\/div>\n\n<\/div>\n\n\n\n<div class=\"erm_product with_image\">\n\n    <a class=\"image-popup\" style=\"width: 140px;\" target=\"_blank\" href=\"https:\/\/fischkutter-luett-matten.de\/wp-content\/uploads\/2017\/08\/Baerlauchmatjes-4-zu-3.jpg\" data-caption=\"\" data-desc=\"\">\n                <img class=\"erm_product_image\" alt=\"\" src=\"https:\/\/fischkutter-luett-matten.de\/wp-content\/uploads\/2017\/08\/Baerlauchmatjes-4-zu-3-300x225.jpg\">\n              <\/a>\n    <div class=\"erm_title_price_desc\">\n\n        <div class=\"erm_title_price\">\n            <h3 class=\"erm_product_title\">B\u00e4rlauch-Matjes auf K\u00fcrbiskernbrot<\/h3>\n            <div class=\"erm_product_price\">\n\t\t\t<div class=\"erm_product_list_prices\">\n\t\t\t\t\t\t\t<div class=\"erm_product_list_price\">\n\t\t\t\t\t<span class=\"price_name\"><\/span>\n\t\t\t\t\t<span class=\"price_price\">7,50\u20ac<\/span>\n\t\t\t\t<\/div>\n\t\t\t\t\t<\/div>\n\t\t\n<\/div>\n        <\/div>\n\n        <div class=\"erm_product_desc\">\n    <p>edler B&auml;rlauch-Matjes auf frischem K&uuml;rbiskernbrot von der B&auml;ckerei Ehrke, dazu Kr&auml;uterquark, Salat, Zwiebeln und Apfel<\/p>\n<\/div>\n\n    <\/div>\n\n<\/div>\n\n\n\n<div class=\"erm_product with_image\">\n\n    <a class=\"image-popup\" style=\"width: 140px;\" target=\"_blank\" href=\"https:\/\/fischkutter-luett-matten.de\/wp-content\/uploads\/2017\/08\/Bruschettamatjes-4-zu-3.jpg\" data-caption=\"\" data-desc=\"\">\n                <img class=\"erm_product_image\" alt=\"\" src=\"https:\/\/fischkutter-luett-matten.de\/wp-content\/uploads\/2017\/08\/Bruschettamatjes-4-zu-3-300x225.jpg\">\n              <\/a>\n    <div class=\"erm_title_price_desc\">\n\n        <div class=\"erm_title_price\">\n            <h3 class=\"erm_product_title\">Bruschetta-Matjes auf Brot<\/h3>\n            <div class=\"erm_product_price\">\n\t\t\t<div class=\"erm_product_list_prices\">\n\t\t\t\t\t\t\t<div class=\"erm_product_list_price\">\n\t\t\t\t\t<span class=\"price_name\"><\/span>\n\t\t\t\t\t<span class=\"price_price\">7,50\u20ac<\/span>\n\t\t\t\t<\/div>\n\t\t\t\t\t<\/div>\n\t\t\n<\/div>\n        <\/div>\n\n        <div class=\"erm_product_desc\">\n    <p>edler Bruschetta-Matjes auf K&uuml;rbiskernbrot von der B&auml;ckerei Ehrke, dazu Kr&auml;uterquark, Salat, Tomate, Zwiebel und Basilikum<\/p>\n<\/div>\n\n    <\/div>\n\n<\/div>\n\n\n\n<div class=\"erm_product with_image\">\n\n    <a class=\"image-popup\" style=\"width: 140px;\" target=\"_blank\" href=\"https:\/\/fischkutter-luett-matten.de\/wp-content\/uploads\/2017\/08\/Lachspuffer-4-zu3.jpg\" data-caption=\"\" data-desc=\"\">\n                <img class=\"erm_product_image\" alt=\"\" src=\"https:\/\/fischkutter-luett-matten.de\/wp-content\/uploads\/2017\/08\/Lachspuffer-4-zu3-300x225.jpg\">\n              <\/a>\n    <div class=\"erm_title_price_desc\">\n\n        <div class=\"erm_title_price\">\n            <h3 class=\"erm_product_title\">Lachsr\u00f6sti<\/h3>\n            <div class=\"erm_product_price\">\n\t\t\t<div class=\"erm_product_list_prices\">\n\t\t\t\t\t\t\t<div class=\"erm_product_list_price\">\n\t\t\t\t\t<span class=\"price_name\"><\/span>\n\t\t\t\t\t<span class=\"price_price\">13,50\u20ac<\/span>\n\t\t\t\t<\/div>\n\t\t\t\t\t<\/div>\n\t\t\n<\/div>\n        <\/div>\n\n        <div class=\"erm_product_desc\">\n    <p style=\"text-align: left\" align=\"center\">kaltger&auml;ucherter Lachs auf einem Kartoffelr&ouml;ste mit Quark, Salat und Honig-Senf-Dressing<\/p>\n<\/div>\n\n    <\/div>\n\n<\/div>\n\n\n\n<\/div>\n\n<div class=\"erm_footer_desc\"><\/div>\n\n<\/div>\n<br \/>\n\n<div class=\"erm_menu erm_menu-id-687\"\n     id=\"erm_menu-id-687\"\n>\n    \t<h1 class=\"erm_title\">Uns lecker Fischbr\u00f6tchen<\/h1>\n\t<div class=\"erm_desc\"><\/div>\n\t\n<div class=\"erm_menu_content\">\n\n    \n<div class=\"erm_product with_image\">\n\n    <a class=\"image-popup\" style=\"width: 140px;\" target=\"_blank\" href=\"https:\/\/fischkutter-luett-matten.de\/wp-content\/uploads\/2017\/08\/Matjes-Broetchen-4-zu-3.jpg\" data-caption=\"\" data-desc=\"\">\n                <img class=\"erm_product_image\" alt=\"\" src=\"https:\/\/fischkutter-luett-matten.de\/wp-content\/uploads\/2017\/08\/Matjes-Broetchen-4-zu-3-300x225.jpg\">\n              <\/a>\n    <div class=\"erm_title_price_desc\">\n\n        <div class=\"erm_title_price\">\n            <h3 class=\"erm_product_title\">Matjes Br\u00f6tchen<\/h3>\n            <div class=\"erm_product_price\">\n\t\t\t<div class=\"erm_product_list_prices\">\n\t\t\t\t\t\t\t<div class=\"erm_product_list_price\">\n\t\t\t\t\t<span class=\"price_name\"><\/span>\n\t\t\t\t\t<span class=\"price_price\">4,80\u20ac<\/span>\n\t\t\t\t<\/div>\n\t\t\t\t\t<\/div>\n\t\t\n<\/div>\n        <\/div>\n\n        <div class=\"erm_product_desc\">\n    <p>Der Klassiker &#8211; Edler Matjes im leckeren Br&ouml;tchen mit Remoulade, Apfel, Salat und Zwiebel<\/p>\n<\/div>\n\n    <\/div>\n\n<\/div>\n\n\n\n<div class=\"erm_product with_image\">\n\n    <a class=\"image-popup\" style=\"width: 140px;\" target=\"_blank\" href=\"https:\/\/fischkutter-luett-matten.de\/wp-content\/uploads\/2017\/08\/Lachsbroetchen-4-zu-3-1.jpg\" data-caption=\"\" data-desc=\"\">\n                <img class=\"erm_product_image\" alt=\"\" src=\"https:\/\/fischkutter-luett-matten.de\/wp-content\/uploads\/2017\/08\/Lachsbroetchen-4-zu-3-1-300x225.jpg\">\n              <\/a>\n    <div class=\"erm_title_price_desc\">\n\n        <div class=\"erm_title_price\">\n            <h3 class=\"erm_product_title\">Lachsbr\u00f6tchen<\/h3>\n            <div class=\"erm_product_price\">\n\t\t\t<div class=\"erm_product_list_prices\">\n\t\t\t\t\t\t\t<div class=\"erm_product_list_price\">\n\t\t\t\t\t<span class=\"price_name\"><\/span>\n\t\t\t\t\t<span class=\"price_price\">6,90\u20ac<\/span>\n\t\t\t\t<\/div>\n\t\t\t\t\t<\/div>\n\t\t\n<\/div>\n        <\/div>\n\n        <div class=\"erm_product_desc\">\n    <p>Kalt ger&auml;ucherter Lachs im Br&ouml;tchen dazu Salat, Remoulade, Zwiebeln, &Auml;pfel und Honig-Senf-Dressing<\/p>\n<\/div>\n\n    <\/div>\n\n<\/div>\n\n\n\n<div class=\"erm_product with_image\">\n\n    <a class=\"image-popup\" style=\"width: 140px;\" target=\"_blank\" href=\"https:\/\/fischkutter-luett-matten.de\/wp-content\/uploads\/2017\/08\/Bismarckbroetchen-4-zu-3-1.jpg\" data-caption=\"\" data-desc=\"\">\n                <img class=\"erm_product_image\" alt=\"\" src=\"https:\/\/fischkutter-luett-matten.de\/wp-content\/uploads\/2017\/08\/Bismarckbroetchen-4-zu-3-1-300x225.jpg\">\n              <\/a>\n    <div class=\"erm_title_price_desc\">\n\n        <div class=\"erm_title_price\">\n            <h3 class=\"erm_product_title\">Bismarckheringsbr\u00f6tchen<\/h3>\n            <div class=\"erm_product_price\">\n\t\t\t<div class=\"erm_product_list_prices\">\n\t\t\t\t\t\t\t<div class=\"erm_product_list_price\">\n\t\t\t\t\t<span class=\"price_name\"><\/span>\n\t\t\t\t\t<span class=\"price_price\">4,80\u20ac<\/span>\n\t\t\t\t<\/div>\n\t\t\t\t\t<\/div>\n\t\t\n<\/div>\n        <\/div>\n\n        <div class=\"erm_product_desc\">\n    <p>Das F&uuml;rstliche &#8211; Fischbr&ouml;tchen mit Salat, Remoulade, Apfel, Zwiebel und nat&uuml;rlich ein Bismarckfilet<\/p>\n<\/div>\n\n    <\/div>\n\n<\/div>\n\n\n\n<div class=\"erm_product with_image\">\n\n    <a class=\"image-popup\" style=\"width: 140px;\" target=\"_blank\" href=\"https:\/\/fischkutter-luett-matten.de\/wp-content\/uploads\/2017\/08\/Backfisch-Broetchen-4-zu-3.jpg\" data-caption=\"\" data-desc=\"\">\n                <img class=\"erm_product_image\" alt=\"\" src=\"https:\/\/fischkutter-luett-matten.de\/wp-content\/uploads\/2017\/08\/Backfisch-Broetchen-4-zu-3-300x225.jpg\">\n              <\/a>\n    <div class=\"erm_title_price_desc\">\n\n        <div class=\"erm_title_price\">\n            <h3 class=\"erm_product_title\">Backfischbr\u00f6tchen<\/h3>\n            <div class=\"erm_product_price\">\n\t\t\t<div class=\"erm_product_list_prices\">\n\t\t\t\t\t\t\t<div class=\"erm_product_list_price\">\n\t\t\t\t\t<span class=\"price_name\"><\/span>\n\t\t\t\t\t<span class=\"price_price\">6,30\u20ac<\/span>\n\t\t\t\t<\/div>\n\t\t\t\t\t<\/div>\n\t\t\n<\/div>\n        <\/div>\n\n        <div class=\"erm_product_desc\">\n    <p>Sehr hei&szlig; &#8211; Gebackenes Fischfilet im frischen Br&ouml;tchem von der B&auml;ckerei Ehrke, mit hausgemachter Remoulade, Apfel, Zwiebeln und Salat<\/p>\n<\/div>\n\n    <\/div>\n\n<\/div>\n\n\n\n<div class=\"erm_product no_image\">\n\n    \n    <div class=\"erm_title_price_desc\">\n\n        <div class=\"erm_title_price\">\n            <h3 class=\"erm_product_title\">Pfefferherings Br\u00f6tchen<\/h3>\n            <div class=\"erm_product_price\">\n\t\t\t<div class=\"erm_product_list_prices\">\n\t\t\t\t\t\t\t<div class=\"erm_product_list_price\">\n\t\t\t\t\t<span class=\"price_name\"><\/span>\n\t\t\t\t\t<span class=\"price_price\">6,40\u20ac<\/span>\n\t\t\t\t<\/div>\n\t\t\t\t\t<\/div>\n\t\t\n<\/div>\n        <\/div>\n\n        <div class=\"erm_product_desc\">\n    <p>K&auml;ptians Liebling &#8211; Pfefferhering auf frischem Salat, Remoulade, Zwiebeln und Apfel im Fischerbr&ouml;tchen<\/p>\n<\/div>\n\n    <\/div>\n\n<\/div>\n\n\n\n<div class=\"erm_product no_image\">\n\n    \n    <div class=\"erm_title_price_desc\">\n\n        <div class=\"erm_title_price\">\n            <h3 class=\"erm_product_title\">B\u00e4rlauch Matjes Br\u00f6tchen<\/h3>\n            <div class=\"erm_product_price\">\n\t\t\t<div class=\"erm_product_list_prices\">\n\t\t\t\t\t\t\t<div class=\"erm_product_list_price\">\n\t\t\t\t\t<span class=\"price_name\"><\/span>\n\t\t\t\t\t<span class=\"price_price\">5,20\u20ac<\/span>\n\t\t\t\t<\/div>\n\t\t\t\t\t<\/div>\n\t\t\n<\/div>\n        <\/div>\n\n        <div class=\"erm_product_desc\">\n    <p>Gr&uuml;ne Frische &#8211; Edles B&auml;rlauch-Matjesfilet im Br&ouml;tchen mit Salat, Zwiebelringe, Apfelscheiben und Remoulade<\/p>\n<\/div>\n\n    <\/div>\n\n<\/div>\n\n\n\n<div class=\"erm_product no_image\">\n\n    \n    <div class=\"erm_title_price_desc\">\n\n        <div class=\"erm_title_price\">\n            <h3 class=\"erm_product_title\">Bratheringsbr\u00f6tchen<\/h3>\n            <div class=\"erm_product_price\">\n\t\t\t<div class=\"erm_product_list_prices\">\n\t\t\t\t\t\t\t<div class=\"erm_product_list_price\">\n\t\t\t\t\t<span class=\"price_name\"><\/span>\n\t\t\t\t\t<span class=\"price_price\">4,80\u20ac<\/span>\n\t\t\t\t<\/div>\n\t\t\t\t\t<\/div>\n\t\t\n<\/div>\n        <\/div>\n\n        <div class=\"erm_product_desc\">\n    <p>Ganz lecker &#8211;&nbsp; gebratenes, s&uuml;ss-sauer eingelegtes Heringsfilet im frischen Br&ouml;tchen mit Apfel, Zwiebel, Remoulade und Salat&nbsp;<\/p>\n<\/div>\n\n    <\/div>\n\n<\/div>\n\n\n\n<\/div>\n\n<div class=\"erm_footer_desc\"><\/div>\n\n<\/div>\n<br \/>\n\n<div class=\"erm_menu erm_menu-id-833\"\n     id=\"erm_menu-id-833\"\n>\n    \t<h1 class=\"erm_title\">Hei\u00dfes aus &quot;L\u00fctt Mattens&quot; Komb\u00fcse<\/h1>\n\t<div class=\"erm_desc\"><\/div>\n\t\n<div class=\"erm_menu_content\">\n\n    \n<div class=\"erm_product no_image\">\n\n    \n    <div class=\"erm_title_price_desc\">\n\n        <div class=\"erm_title_price\">\n            <h3 class=\"erm_product_title\">Fisch and Chips<\/h3>\n            <div class=\"erm_product_price\">\n\t\t\t<div class=\"erm_product_list_prices\">\n\t\t\t\t\t\t\t<div class=\"erm_product_list_price\">\n\t\t\t\t\t<span class=\"price_name\">von<\/span>\n\t\t\t\t\t<span class=\"price_price\">7,50\u20ac<\/span>\n\t\t\t\t<\/div>\n\t\t\t\t\t\t\t<div class=\"erm_product_list_price\">\n\t\t\t\t\t<span class=\"price_name\">bis<\/span>\n\t\t\t\t\t<span class=\"price_price\">12,40\u20ac<\/span>\n\t\t\t\t<\/div>\n\t\t\t\t\t<\/div>\n\t\t\n<\/div>\n        <\/div>\n\n        <div class=\"erm_product_desc\">\n    <p>Kibberlinge dazu Pommes und leckere hausgemachte Remoulade &#8211; kleine Portion oder gro&szlig;e Portion<\/p>\n<\/div>\n\n    <\/div>\n\n<\/div>\n\n\n\n<div class=\"erm_product no_image\">\n\n    \n    <div class=\"erm_title_price_desc\">\n\n        <div class=\"erm_title_price\">\n            <h3 class=\"erm_product_title\">Backfisch<\/h3>\n            <div class=\"erm_product_price\">\n\t\t\t<div class=\"erm_product_list_prices\">\n\t\t\t\t\t\t\t<div class=\"erm_product_list_price\">\n\t\t\t\t\t<span class=\"price_name\">von<\/span>\n\t\t\t\t\t<span class=\"price_price\">12,00\u20ac<\/span>\n\t\t\t\t<\/div>\n\t\t\t\t\t\t\t<div class=\"erm_product_list_price\">\n\t\t\t\t\t<span class=\"price_name\">bis<\/span>\n\t\t\t\t\t<span class=\"price_price\">12,50\u20ac<\/span>\n\t\t\t\t<\/div>\n\t\t\t\t\t<\/div>\n\t\t\n<\/div>\n        <\/div>\n\n        <div class=\"erm_product_desc\">\n    <p>mit hausgemachter Remoulade, Salat und wahlweise mit Pommes oder Kartoffelsalat<\/p>\n<\/div>\n\n    <\/div>\n\n<\/div>\n\n\n\n<div class=\"erm_product no_image\">\n\n    \n    <div class=\"erm_title_price_desc\">\n\n        <div class=\"erm_title_price\">\n            <h3 class=\"erm_product_title\">Bockwurst<\/h3>\n            <div class=\"erm_product_price\">\n\t\t\t<div class=\"erm_product_list_prices\">\n\t\t\t\t\t\t\t<div class=\"erm_product_list_price\">\n\t\t\t\t\t<span class=\"price_name\">von<\/span>\n\t\t\t\t\t<span class=\"price_price\">4,20\u20ac<\/span>\n\t\t\t\t<\/div>\n\t\t\t\t\t\t\t<div class=\"erm_product_list_price\">\n\t\t\t\t\t<span class=\"price_name\">bis<\/span>\n\t\t\t\t\t<span class=\"price_price\">7,80\u20ac<\/span>\n\t\t\t\t<\/div>\n\t\t\t\t\t<\/div>\n\t\t\n<\/div>\n        <\/div>\n\n        <div class=\"erm_product_desc\">\n    <p>Br&ouml;tchen dazu oder gern auch Kartoffelsalat &#8211; mit Senf oder Ketchup<\/p>\n<\/div>\n\n    <\/div>\n\n<\/div>\n\n\n\n<div class=\"erm_product no_image\">\n\n    \n    <div class=\"erm_title_price_desc\">\n\n        <div class=\"erm_title_price\">\n            <h3 class=\"erm_product_title\">Portion Pommes<\/h3>\n            <div class=\"erm_product_price\">\n\t\t\t<div class=\"erm_product_list_prices\">\n\t\t\t\t\t\t\t<div class=\"erm_product_list_price\">\n\t\t\t\t\t<span class=\"price_name\">klein<\/span>\n\t\t\t\t\t<span class=\"price_price\">3,60\u20ac<\/span>\n\t\t\t\t<\/div>\n\t\t\t\t\t\t\t<div class=\"erm_product_list_price\">\n\t\t\t\t\t<span class=\"price_name\">gross<\/span>\n\t\t\t\t\t<span class=\"price_price\">4,80\u20ac<\/span>\n\t\t\t\t<\/div>\n\t\t\t\t\t<\/div>\n\t\t\n<\/div>\n        <\/div>\n\n        <div class=\"erm_product_desc\">\n    <p>dazu Ketchup oder Mayo &#8211; als kleine oder grosse Portion<\/p>\n<\/div>\n\n    <\/div>\n\n<\/div>\n\n\n\n<div class=\"erm_product no_image\">\n\n    \n    <div class=\"erm_title_price_desc\">\n\n        <div class=\"erm_title_price\">\n            <h3 class=\"erm_product_title\">Ofenkartoffel<\/h3>\n            <div class=\"erm_product_price\">\n\t\t\t<div class=\"erm_product_list_prices\">\n\t\t\t\t\t\t\t<div class=\"erm_product_list_price\">\n\t\t\t\t\t<span class=\"price_name\"><\/span>\n\t\t\t\t\t<span class=\"price_price\">5,80\u20ac<\/span>\n\t\t\t\t<\/div>\n\t\t\t\t\t<\/div>\n\t\t\n<\/div>\n        <\/div>\n\n        <div class=\"erm_product_desc\">\n    <p>mit hausgemachtem Kr&auml;uterquark&nbsp;<\/p>\n<\/div>\n\n    <\/div>\n\n<\/div>\n\n\n\n<\/div>\n\n<div class=\"erm_footer_desc\"><\/div>\n\n<\/div>\n<br \/>\n\n<div class=\"erm_menu erm_menu-id-981\"\n     id=\"erm_menu-id-981\"\n>\n    \t<h1 class=\"erm_title\">Jetzt noch was S\u00fc\u00dfes<\/h1>\n\t<div class=\"erm_desc\"><\/div>\n\t\n<div class=\"erm_menu_content\">\n\n    \n<div class=\"erm_product no_image\">\n\n    \n    <div class=\"erm_title_price_desc\">\n\n        <div class=\"erm_title_price\">\n            <h3 class=\"erm_product_title\">Milchreis mit Apfelmus und Zimt\/Zucker<\/h3>\n            <div class=\"erm_product_price\">\n\t\t\t<div class=\"erm_product_list_prices\">\n\t\t\t\t\t\t\t<div class=\"erm_product_list_price\">\n\t\t\t\t\t<span class=\"price_name\"><\/span>\n\t\t\t\t\t<span class=\"price_price\">4,50\u20ac<\/span>\n\t\t\t\t<\/div>\n\t\t\t\t\t<\/div>\n\t\t\n<\/div>\n        <\/div>\n\n        <div class=\"erm_product_desc\">\n    <\/div>\n\n    <\/div>\n\n<\/div>\n\n\n\n<div class=\"erm_product no_image\">\n\n    \n    <div class=\"erm_title_price_desc\">\n\n        <div class=\"erm_title_price\">\n            <h3 class=\"erm_product_title\">2 Kartoffelpuffer mit Apfelmus<\/h3>\n            <div class=\"erm_product_price\">\n\t\t\t<div class=\"erm_product_list_prices\">\n\t\t\t\t\t\t\t<div class=\"erm_product_list_price\">\n\t\t\t\t\t<span class=\"price_name\"><\/span>\n\t\t\t\t\t<span class=\"price_price\">4,50\u20ac<\/span>\n\t\t\t\t<\/div>\n\t\t\t\t\t<\/div>\n\t\t\n<\/div>\n        <\/div>\n\n        <div class=\"erm_product_desc\">\n    <\/div>\n\n    <\/div>\n\n<\/div>\n\n\n\n<div class=\"erm_product no_image\">\n\n    \n    <div class=\"erm_title_price_desc\">\n\n        <div class=\"erm_title_price\">\n            <h3 class=\"erm_product_title\">Kuchen je nach Jahreszeit<\/h3>\n            <div class=\"erm_product_price\">\n\t\t\t<div class=\"erm_product_list_prices\">\n\t\t\t\t\t\t\t<div class=\"erm_product_list_price\">\n\t\t\t\t\t<span class=\"price_name\">Stk<\/span>\n\t\t\t\t\t<span class=\"price_price\">3,20\u20ac<\/span>\n\t\t\t\t<\/div>\n\t\t\t\t\t<\/div>\n\t\t\n<\/div>\n        <\/div>\n\n        <div class=\"erm_product_desc\">\n    <\/div>\n\n    <\/div>\n\n<\/div>\n\n\n\n<div class=\"erm_product no_image\">\n\n    \n    <div class=\"erm_title_price_desc\">\n\n        <div class=\"erm_title_price\">\n            <h3 class=\"erm_product_title\">Eis von Langnese<\/h3>\n            <div class=\"erm_product_price\">\n\t\n<\/div>\n        <\/div>\n\n        <div class=\"erm_product_desc\">\n    <\/div>\n\n    <\/div>\n\n<\/div>\n\n\n\n<\/div>\n\n<div class=\"erm_footer_desc\"><\/div>\n\n<\/div>\n<\/p>\n","protected":false},"excerpt":{"rendered":"","protected":false},"author":1,"featured_media":0,"parent":0,"menu_order":0,"comment_status":"closed","ping_status":"closed","template":"","meta":[],"yoast_head":"<!-- This site is optimized with the Yoast SEO plugin v15.3 - https:\/\/yoast.com\/wordpress\/plugins\/seo\/ -->\n<title>Speisekarte - Fischkutter &quot;L\u00fctt Matten&quot;<\/title>\n<meta name=\"robots\" content=\"index, follow, max-snippet:-1, max-image-preview:large, max-video-preview:-1\" \/>\n<link rel=\"canonical\" href=\"https:\/\/fischkutter-luett-matten.de\/index.php\/speisekarte\/\" \/>\n<meta property=\"og:locale\" content=\"de_DE\" \/>\n<meta property=\"og:type\" content=\"article\" \/>\n<meta property=\"og:title\" content=\"Speisekarte - Fischkutter &quot;L\u00fctt Matten&quot;\" \/>\n<meta property=\"og:url\" content=\"https:\/\/fischkutter-luett-matten.de\/index.php\/speisekarte\/\" \/>\n<meta property=\"og:site_name\" content=\"Fischkutter &quot;L\u00fctt Matten&quot;\" \/>\n<meta property=\"article:modified_time\" content=\"2017-08-08T17:49:55+00:00\" \/>\n<meta name=\"twitter:card\" content=\"summary\" \/>\n<meta name=\"twitter:label1\" content=\"Verfasst von\">\n\t<meta name=\"twitter:data1\" content=\"RuegenHochzeit\">\n\t<meta name=\"twitter:label2\" content=\"Gesch\u00e4tzte Lesezeit\">\n\t<meta name=\"twitter:data2\" content=\"0\u00a0Minuten\">\n<script type=\"application\/ld+json\" class=\"yoast-schema-graph\">{\"@context\":\"https:\/\/schema.org\",\"@graph\":[{\"@type\":\"WebSite\",\"@id\":\"https:\/\/fischkutter-luett-matten.de\/#website\",\"url\":\"https:\/\/fischkutter-luett-matten.de\/\",\"name\":\"Fischkutter &quot;L\\u00fctt Matten&quot;\",\"description\":\"Der Fischimbiss mit maritimen Flair\",\"potentialAction\":[{\"@type\":\"SearchAction\",\"target\":\"https:\/\/fischkutter-luett-matten.de\/?s={search_term_string}\",\"query-input\":\"required name=search_term_string\"}],\"inLanguage\":\"de\"},{\"@type\":\"WebPage\",\"@id\":\"https:\/\/fischkutter-luett-matten.de\/index.php\/speisekarte\/#webpage\",\"url\":\"https:\/\/fischkutter-luett-matten.de\/index.php\/speisekarte\/\",\"name\":\"Speisekarte - Fischkutter &quot;L\\u00fctt Matten&quot;\",\"isPartOf\":{\"@id\":\"https:\/\/fischkutter-luett-matten.de\/#website\"},\"datePublished\":\"2017-06-11T09:41:34+00:00\",\"dateModified\":\"2017-08-08T17:49:55+00:00\",\"inLanguage\":\"de\",\"potentialAction\":[{\"@type\":\"ReadAction\",\"target\":[\"https:\/\/fischkutter-luett-matten.de\/index.php\/speisekarte\/\"]}]}]}<\/script>\n<!-- \/ Yoast SEO plugin. -->","_links":{"self":[{"href":"https:\/\/fischkutter-luett-matten.de\/index.php\/wp-json\/wp\/v2\/pages\/598"}],"collection":[{"href":"https:\/\/fischkutter-luett-matten.de\/index.php\/wp-json\/wp\/v2\/pages"}],"about":[{"href":"https:\/\/fischkutter-luett-matten.de\/index.php\/wp-json\/wp\/v2\/types\/page"}],"author":[{"embeddable":true,"href":"https:\/\/fischkutter-luett-matten.de\/index.php\/wp-json\/wp\/v2\/users\/1"}],"replies":[{"embeddable":true,"href":"https:\/\/fischkutter-luett-matten.de\/index.php\/wp-json\/wp\/v2\/comments?post=598"}],"version-history":[{"count":5,"href":"https:\/\/fischkutter-luett-matten.de\/index.php\/wp-json\/wp\/v2\/pages\/598\/revisions"}],"predecessor-version":[{"id":1019,"href":"https:\/\/fischkutter-luett-matten.de\/index.php\/wp-json\/wp\/v2\/pages\/598\/revisions\/1019"}],"wp:attachment":[{"href":"https:\/\/fischkutter-luett-matten.de\/index.php\/wp-json\/wp\/v2\/media?parent=598"}],"curies":[{"name":"wp","href":"https:\/\/api.w.org\/{rel}","templated":true}]}}